{"id":7423,"date":"2023-08-16T21:11:34","date_gmt":"2023-08-17T00:11:34","guid":{"rendered":"https:\/\/cacapalavrasdidaticos.com.br\/novo\/?post_type=product&#038;p=7423"},"modified":"2025-01-28T20:55:04","modified_gmt":"2025-01-28T23:55:04","slug":"apostila-de-caca-palavras-de-historia-9oano-pdf-gabarito","status":"publish","type":"product","link":"https:\/\/cacapalavrasdidaticos.com.br\/novo\/produto\/apostila-de-caca-palavras-de-historia-9oano-pdf-gabarito\/","title":{"rendered":"APOSTILA DE CA\u00c7A-PALAVRAS DE HIST\u00d3RIA &#8211; 9\u00baANO (PDF) + GABARITO"},"content":{"rendered":"","protected":false},"excerpt":{"rendered":"<p>Esta apostila \u00e9 do componente curricular de HIST\u00d3RIA e conta com 50 CA\u00c7A-PALAVRAS elaborados e organizados com foco nas Unidades Tem\u00e1ticas, Objetivos de Conhecimento e Habilidades presentes na BNCC (Base Nacional Comum Curricular). Delicie-se e leve para a sua sala de aula mais essa experi\u00eancia l\u00fadica e did\u00e1tica.<\/p>\n<p style=\"text-align: center;\"><strong>AVISO IMPORTANTE:<\/strong><\/p>\n<p style=\"text-align: center;\"><strong>AS APOSTILAS S\u00c3O ENVIADAS EM FORMATO PDF NO EMAIL CADASTRADO NO ATO DA COMPRA. CASO QUEIRA O MATERIAL EM FORMATO IMAGEM JPEG, ENTRE EM CONTATO CONOSCO PELO WHATSAPP: 31-994716920<\/strong><\/p>\n<p style=\"text-align: center;\"><strong>MAIS INFORMA\u00c7\u00d5ES E COMPRA PELO PIX, EM CONTATO CONOSCO: 31-994716920. PIX: 31-994716920 (Eduardo de Sousa)<\/strong><\/p>\n<p style=\"text-align: center;\"><strong>ENVIO DO MATERIAL: EM AT\u00c9 1 (UM) DIA \u00daTIL, AP\u00d3S A CONFIRMA\u00c7\u00c3O DO PAGAMENTO<\/strong>\u00a0<strong>(SER\u00c1 ENVIADO UM LINK DO GOOGLE DRIVE NO E-MAIL INFORMADO NO ATO DA COMPRA PARA O DOWNLOAD DA APOSTILA).<\/strong><\/p>\n","protected":false},"featured_media":9301,"comment_status":"open","ping_status":"closed","template":"","meta":[],"product_brand":[],"product_cat":[23],"product_tag":[],"class_list":{"0":"post-7423","1":"product","2":"type-product","3":"status-publish","4":"has-post-thumbnail","6":"product_cat-historia","8":"first","9":"instock","10":"virtual","11":"taxable","12":"purchasable","13":"product-type-simple"},"_links":{"self":[{"href":"https:\/\/cacapalavrasdidaticos.com.br\/novo\/wp-json\/wp\/v2\/product\/7423","targetHints":{"allow":["GET"]}}],"collection":[{"href":"https:\/\/cacapalavrasdidaticos.com.br\/novo\/wp-json\/wp\/v2\/product"}],"about":[{"href":"https:\/\/cacapalavrasdidaticos.com.br\/novo\/wp-json\/wp\/v2\/types\/product"}],"replies":[{"embeddable":true,"href":"https:\/\/cacapalavrasdidaticos.com.br\/novo\/wp-json\/wp\/v2\/comments?post=7423"}],"wp:featuredmedia":[{"embeddable":true,"href":"https:\/\/cacapalavrasdidaticos.com.br\/novo\/wp-json\/wp\/v2\/media\/9301"}],"wp:attachment":[{"href":"https:\/\/cacapalavrasdidaticos.com.br\/novo\/wp-json\/wp\/v2\/media?parent=7423"}],"wp:term":[{"taxonomy":"product_brand","embeddable":true,"href":"https:\/\/cacapalavrasdidaticos.com.br\/novo\/wp-json\/wp\/v2\/product_brand?post=7423"},{"taxonomy":"product_cat","embeddable":true,"href":"https:\/\/cacapalavrasdidaticos.com.br\/novo\/wp-json\/wp\/v2\/product_cat?post=7423"},{"taxonomy":"product_tag","embeddable":true,"href":"https:\/\/cacapalavrasdidaticos.com.br\/novo\/wp-json\/wp\/v2\/product_tag?post=7423"}],"curies":[{"name":"wp","href":"https:\/\/api.w.org\/{rel}","templated":true}]}}