{"id":19906,"date":"2025-07-07T22:40:03","date_gmt":"2025-07-08T01:40:03","guid":{"rendered":"https:\/\/cacapalavrasdidaticos.com.br\/novo\/?post_type=product&#038;p=19906"},"modified":"2025-07-07T22:44:49","modified_gmt":"2025-07-08T01:44:49","slug":"empreendedorismo-volume-1","status":"publish","type":"product","link":"https:\/\/cacapalavrasdidaticos.com.br\/novo\/produto\/empreendedorismo-volume-1\/","title":{"rendered":"EMPREENDEDORISMO &#8211; VOLUME 1"},"content":{"rendered":"","protected":false},"excerpt":{"rendered":"<p data-start=\"819\" data-end=\"880\"><strong data-start=\"819\" data-end=\"880\">Desenvolva as habilidades empreendedoras dos seus alunos!<\/strong><\/p>\n<ul data-start=\"881\" data-end=\"1212\">\n<li data-start=\"881\" data-end=\"1083\">\n<p data-start=\"883\" data-end=\"1083\">A <strong data-start=\"885\" data-end=\"917\">apostila de Empreendedorismo<\/strong> para o Ensino M\u00e9dio prepara os estudantes para a mentalidade empreendedora, abordando temas como <strong data-start=\"1015\" data-end=\"1082\">gest\u00e3o de crises, supera\u00e7\u00e3o de medos, e decis\u00f5es empreendedoras<\/strong>.<\/p>\n<\/li>\n<li data-start=\"1084\" data-end=\"1212\">\n<p data-start=\"1086\" data-end=\"1212\">Ideal para quem quer inspirar os jovens a <strong data-start=\"1128\" data-end=\"1157\">pensar de forma inovadora<\/strong> e a <strong data-start=\"1162\" data-end=\"1198\">aplicar conceitos empreendedores<\/strong> no dia a dia.<\/p>\n<\/li>\n<\/ul>\n<p data-start=\"1214\" data-end=\"1282\"><strong data-start=\"1214\" data-end=\"1282\">Transforme seus alunos em empreendedores! Adquira j\u00e1 a apostila!<\/strong><\/p>\n<p data-start=\"1284\" data-end=\"1511\" data-is-last-node=\"\" data-is-only-node=\"\">Esses an\u00fancios podem ser adaptados de acordo com o layout do seu site, oferecendo uma descri\u00e7\u00e3o clara dos conte\u00fados e benef\u00edcios, com uma chamada \u00e0 a\u00e7\u00e3o que incentiva a compra. Se precisar de mais an\u00fancios ou ajustes, me avise!<\/p>\n<p data-start=\"1820\" data-end=\"1915\">\u2728 <strong>O material cont\u00e9m:<\/strong><\/p>\n<ul>\n<li><strong>10 Estudos dirigidos e atividades relacionadas na sequ\u00eancia;<\/strong><\/li>\n<li><strong>Cruzadinhas;<\/strong><\/li>\n<li><strong>Ca\u00e7a-palavras;<\/strong><\/li>\n<li><strong>Atividades orientadas para colorir;<\/strong><\/li>\n<li><strong>Gabaritos de todas as atividades.<\/strong><\/li>\n<\/ul>\n<p><strong>\u00a0 \u00a0 \u00a0 67 P\u00c1GINAS<\/strong><\/p>\n<p>&nbsp;<\/p>\n<p style=\"text-align: center;\"><strong>AVISO IMPORTANTE:<\/strong><\/p>\n<p style=\"text-align: center;\"><strong>AS APOSTILAS S\u00c3O ENVIADAS EM FORMATO PDF NO EMAIL CADASTRADO NO ATO DA COMPRA. CASO QUEIRA O MATERIAL EM FORMATO IMAGEM JPEG, ENTRE EM CONTATO CONOSCO PELO WHATSAPP: 31-994716920<\/strong><\/p>\n<p style=\"text-align: center;\"><strong>MAIS INFORMA\u00c7\u00d5ES E COMPRA PELO PIX: 31-994716920 (Eduardo de Sousa)<\/strong><\/p>\n<p style=\"text-align: center;\"><strong>ENVIO DO MATERIAL: EM AT\u00c9 1 (UM) DIA \u00daTIL, AP\u00d3S A CONFIRMA\u00c7\u00c3O DO PAGAMENTO<\/strong>\u00a0<strong>(SER\u00c1 ENVIADO UM LINK DO GOOGLE DRIVE NO E-MAIL INFORMADO NO ATO DA COMPRA PARA O DOWNLOAD DA APOSTILA).<\/strong><\/p>\n","protected":false},"featured_media":19907,"comment_status":"open","ping_status":"closed","template":"","meta":[],"product_brand":[],"product_cat":[152,159],"product_tag":[31,101,32,175,34,114,172],"class_list":{"0":"post-19906","1":"product","2":"type-product","3":"status-publish","4":"has-post-thumbnail","6":"product_cat-plano-de-curso","7":"product_cat-eletivas","8":"product_tag-atividades-ludicas","9":"product_tag-bncc","10":"product_tag-caca-palavras","11":"product_tag-ciencias-da-natureza","12":"product_tag-cruzadinhas","13":"product_tag-ensino-fundamental-2","14":"product_tag-estudos-dirigidos","16":"first","17":"instock","18":"virtual","19":"taxable","20":"purchasable","21":"product-type-simple"},"_links":{"self":[{"href":"https:\/\/cacapalavrasdidaticos.com.br\/novo\/wp-json\/wp\/v2\/product\/19906","targetHints":{"allow":["GET"]}}],"collection":[{"href":"https:\/\/cacapalavrasdidaticos.com.br\/novo\/wp-json\/wp\/v2\/product"}],"about":[{"href":"https:\/\/cacapalavrasdidaticos.com.br\/novo\/wp-json\/wp\/v2\/types\/product"}],"replies":[{"embeddable":true,"href":"https:\/\/cacapalavrasdidaticos.com.br\/novo\/wp-json\/wp\/v2\/comments?post=19906"}],"wp:featuredmedia":[{"embeddable":true,"href":"https:\/\/cacapalavrasdidaticos.com.br\/novo\/wp-json\/wp\/v2\/media\/19907"}],"wp:attachment":[{"href":"https:\/\/cacapalavrasdidaticos.com.br\/novo\/wp-json\/wp\/v2\/media?parent=19906"}],"wp:term":[{"taxonomy":"product_brand","embeddable":true,"href":"https:\/\/cacapalavrasdidaticos.com.br\/novo\/wp-json\/wp\/v2\/product_brand?post=19906"},{"taxonomy":"product_cat","embeddable":true,"href":"https:\/\/cacapalavrasdidaticos.com.br\/novo\/wp-json\/wp\/v2\/product_cat?post=19906"},{"taxonomy":"product_tag","embeddable":true,"href":"https:\/\/cacapalavrasdidaticos.com.br\/novo\/wp-json\/wp\/v2\/product_tag?post=19906"}],"curies":[{"name":"wp","href":"https:\/\/api.w.org\/{rel}","templated":true}]}}