{"id":17096,"date":"2025-03-31T20:53:19","date_gmt":"2025-03-31T23:53:19","guid":{"rendered":"https:\/\/cacapalavrasdidaticos.com.br\/novo\/?post_type=product&#038;p=17096"},"modified":"2025-03-31T21:30:06","modified_gmt":"2025-04-01T00:30:06","slug":"cultura-de-paz-e-convivencia-democratica-2o-bimestre","status":"publish","type":"product","link":"https:\/\/cacapalavrasdidaticos.com.br\/novo\/produto\/cultura-de-paz-e-convivencia-democratica-2o-bimestre\/","title":{"rendered":"CULTURA DE PAZ E CONVIV\u00caNCIA DEMOCR\u00c1TICA &#8211; 2\u00ba BIMESTRE"},"content":{"rendered":"","protected":false},"excerpt":{"rendered":"<p class=\"\" data-start=\"0\" data-end=\"78\"><strong data-start=\"0\" data-end=\"78\">\ud83d\udcda Material Completo para o Ensino M\u00e9dio: Cultura de Paz e Diversidade! \ud83c\udf93<\/strong><\/p>\n<p class=\"\" data-start=\"80\" data-end=\"464\">Nosso material educativo oferece <strong data-start=\"113\" data-end=\"127\">68 p\u00e1ginas<\/strong> repletas de atividades interativas, textos reflexivos e din\u00e2micas que promovem o pensamento cr\u00edtico e a participa\u00e7\u00e3o cidad\u00e3. Abordamos temas essenciais como <strong data-start=\"285\" data-end=\"300\">diversidade<\/strong>, <strong data-start=\"302\" data-end=\"317\">preconceito<\/strong>, <strong data-start=\"319\" data-end=\"330\">empatia<\/strong>, <strong data-start=\"332\" data-end=\"353\">cidadania digital<\/strong>, <strong data-start=\"355\" data-end=\"390\">resolu\u00e7\u00e3o pac\u00edfica de conflitos<\/strong>, <strong data-start=\"392\" data-end=\"413\">seguran\u00e7a escolar<\/strong> e <strong data-start=\"416\" data-end=\"463\">preven\u00e7\u00e3o ao uso de subst\u00e2ncias psicoativas<\/strong>.<\/p>\n<p class=\"\" data-start=\"466\" data-end=\"695\">\ud83d\udcdd <strong data-start=\"469\" data-end=\"505\">Ideal para professores e alunos!<\/strong><br data-start=\"505\" data-end=\"508\" \/>Com atividades variadas, como <strong data-start=\"538\" data-end=\"553\">cruzadinhas<\/strong>, <strong data-start=\"555\" data-end=\"578\">quest\u00f5es reflexivas<\/strong> e <strong data-start=\"581\" data-end=\"603\">atividades l\u00fadicas<\/strong>, o conte\u00fado \u00e9 acess\u00edvel e engajador. Planejamento pronto para ser aplicado em sala de aula!<\/p>\n<p>&nbsp;<\/p>\n<p><strong>O material cont\u00e9m:<\/strong><\/p>\n<ul>\n<li><strong>Planejamento anual;<\/strong><\/li>\n<li><strong>Estudos dirigidos;<\/strong><\/li>\n<li><strong>Quest\u00f5es abertas e fechadas;<\/strong><\/li>\n<li><strong>Cruzadinhas;<\/strong><\/li>\n<li><strong>Ca\u00e7a-palavras;<\/strong><\/li>\n<li><strong>Gabaritos.<\/strong><\/li>\n<\/ul>\n<p>&nbsp;<\/p>\n<p style=\"text-align: center;\"><strong>AVISO IMPORTANTE:<\/strong><\/p>\n<p style=\"text-align: center;\"><strong>AS APOSTILAS S\u00c3O ENVIADAS EM FORMATO PDF NO EMAIL CADASTRADO NO ATO DA COMPRA. CASO QUEIRA O MATERIAL EM FORMATO IMAGEM JPEG, ENTRE EM CONTATO CONOSCO PELO WHATSAPP: 31-994716920<\/strong><\/p>\n<p style=\"text-align: center;\"><strong>MAIS INFORMA\u00c7\u00d5ES E COMPRA PELO PIX, ENTRE EM CONTATO CONOSCO: 31-994716920. PIX: 31-994716920 (Eduardo de Sousa)<\/strong><\/p>\n<p style=\"text-align: center;\"><strong>ENVIO DO MATERIAL: EM AT\u00c9 1 (UM) DIA \u00daTIL, AP\u00d3S A CONFIRMA\u00c7\u00c3O DO PAGAMENTO<\/strong>\u00a0<strong>(SER\u00c1 ENVIADO UM LINK DO GOOGLE DRIVE NO E-MAIL INFORMADO NO ATO DA COMPRA PARA O DOWNLOAD DA APOSTILA).<\/strong><\/p>\n","protected":false},"featured_media":17098,"comment_status":"open","ping_status":"closed","template":"","meta":[],"product_brand":[],"product_cat":[152,159],"product_tag":[128,31,34,35,172,132],"class_list":{"0":"post-17096","1":"product","2":"type-product","3":"status-publish","4":"has-post-thumbnail","6":"product_cat-plano-de-curso","7":"product_cat-eletivas","8":"product_tag-atividades-adaptadas","9":"product_tag-atividades-ludicas","10":"product_tag-cruzadinhas","11":"product_tag-ensino-medio","12":"product_tag-estudos-dirigidos","13":"product_tag-questoes-abertas","15":"first","16":"instock","17":"virtual","18":"taxable","19":"purchasable","20":"product-type-simple"},"_links":{"self":[{"href":"https:\/\/cacapalavrasdidaticos.com.br\/novo\/wp-json\/wp\/v2\/product\/17096","targetHints":{"allow":["GET"]}}],"collection":[{"href":"https:\/\/cacapalavrasdidaticos.com.br\/novo\/wp-json\/wp\/v2\/product"}],"about":[{"href":"https:\/\/cacapalavrasdidaticos.com.br\/novo\/wp-json\/wp\/v2\/types\/product"}],"replies":[{"embeddable":true,"href":"https:\/\/cacapalavrasdidaticos.com.br\/novo\/wp-json\/wp\/v2\/comments?post=17096"}],"wp:featuredmedia":[{"embeddable":true,"href":"https:\/\/cacapalavrasdidaticos.com.br\/novo\/wp-json\/wp\/v2\/media\/17098"}],"wp:attachment":[{"href":"https:\/\/cacapalavrasdidaticos.com.br\/novo\/wp-json\/wp\/v2\/media?parent=17096"}],"wp:term":[{"taxonomy":"product_brand","embeddable":true,"href":"https:\/\/cacapalavrasdidaticos.com.br\/novo\/wp-json\/wp\/v2\/product_brand?post=17096"},{"taxonomy":"product_cat","embeddable":true,"href":"https:\/\/cacapalavrasdidaticos.com.br\/novo\/wp-json\/wp\/v2\/product_cat?post=17096"},{"taxonomy":"product_tag","embeddable":true,"href":"https:\/\/cacapalavrasdidaticos.com.br\/novo\/wp-json\/wp\/v2\/product_tag?post=17096"}],"curies":[{"name":"wp","href":"https:\/\/api.w.org\/{rel}","templated":true}]}}