{"id":14683,"date":"2025-01-17T22:33:29","date_gmt":"2025-01-18T01:33:29","guid":{"rendered":"https:\/\/cacapalavrasdidaticos.com.br\/novo\/?post_type=product&#038;p=14683"},"modified":"2025-01-17T22:47:13","modified_gmt":"2025-01-18T01:47:13","slug":"supercombo-de-atividades-de-geografia-projeto-geordenadas-6o-ao-9o-ano-1o-ao-4o-bimestre","status":"publish","type":"product","link":"https:\/\/cacapalavrasdidaticos.com.br\/novo\/produto\/supercombo-de-atividades-de-geografia-projeto-geordenadas-6o-ao-9o-ano-1o-ao-4o-bimestre\/","title":{"rendered":"SUPERCOMBO DE ATIVIDADES DE GEOGRAFIA &#8211; PROJETO GEORDENADAS &#8211; 6\u00ba AO 9\u00ba ANO (1\u00ba AO 4\u00ba BIMESTRE)"},"content":{"rendered":"","protected":false},"excerpt":{"rendered":"<p style=\"margin: 0cm;\">Este SUPERCOMBO cont\u00e9m <strong>16 APOSTILAS,\u00a0<\/strong> com <strong>240 atividades<\/strong> para o <strong>6\u00ba ao 9\u00ba<\/strong> ano do <strong>Ensino Fundamental 2,<\/strong> para o componente curricular de <strong>Geografia<\/strong>. As atividades est\u00e3o de acordo com as habilidades BNCC para o ano de 2024.<\/p>\n<p style=\"margin: 0cm;\"><strong>\u00a0<\/strong><\/p>\n<p style=\"margin: 0cm;\"><strong>M\u00e9dia de 80 a 100 p\u00e1ginas por apostila<\/strong><\/p>\n<p>&nbsp;<\/p>\n<p style=\"margin: 0cm;\"><strong>As material cont\u00e9m:<\/strong><\/p>\n<p style=\"margin: 0cm;\">Mapas mentais;<\/p>\n<p style=\"margin: 0cm;\">Ca\u00e7a-palavras;<\/p>\n<p style=\"margin: 0cm;\">Cruzadinhas;<\/p>\n<p style=\"margin: 0cm;\">Criptogramas;<\/p>\n<p style=\"margin: 0cm;\">Imagens para colorir;<\/p>\n<p style=\"margin: 0cm;\">Sugest\u00e3o de Avalia\u00e7\u00f5es Bimestrais;<\/p>\n<p style=\"margin: 0cm;\">Atividades extras;<\/p>\n<p style=\"margin: 0cm;\">Gabaritos.<\/p>\n<p>&nbsp;<\/p>\n<p style=\"text-align: center;\"><strong>AVISO IMPORTANTE<\/strong><\/p>\n<p style=\"text-align: center;\"><strong>AS APOSTILAS S\u00c3O ENVIADAS EM FORMATO PDF NO EMAIL CADASTRADO NO ATO DA COMPRA. CASO QUEIRA O MATERIAL EM FORMATO IMAGEM JPEG, ENTRE EM CONTATO CONOSCO PELO WHATSAPP: 31-994716920<\/strong><\/p>\n<p style=\"text-align: center;\"><strong>MAIS INFORMA\u00c7\u00d5ES E COMPRA PELO PIX, EM CONTATO CONOSCO: 31-994716920. PIX: 31-994716920 (Eduardo de Sousa)<\/strong><\/p>\n<p style=\"text-align: center;\"><strong>ENVIO DO MATERIAL: EM AT\u00c9 1 (UM) DIA \u00daTIL, AP\u00d3S A CONFIRMA\u00c7\u00c3O DO PAGAMENTO<\/strong>\u00a0<strong>(SER\u00c1 ENVIADO UM LINK DO GOOGLE DRIVE NO E-MAIL INFORMADO NO ATO DA COMPRA PARA O DOWNLOAD DA APOSTILA).<\/strong><\/p>\n","protected":false},"featured_media":14721,"comment_status":"open","ping_status":"closed","template":"","meta":[],"product_brand":[],"product_cat":[153],"product_tag":[],"class_list":{"0":"post-14683","1":"product","2":"type-product","3":"status-publish","4":"has-post-thumbnail","6":"product_cat-geografia","8":"first","9":"instock","10":"virtual","11":"taxable","12":"purchasable","13":"product-type-simple"},"_links":{"self":[{"href":"https:\/\/cacapalavrasdidaticos.com.br\/novo\/wp-json\/wp\/v2\/product\/14683","targetHints":{"allow":["GET"]}}],"collection":[{"href":"https:\/\/cacapalavrasdidaticos.com.br\/novo\/wp-json\/wp\/v2\/product"}],"about":[{"href":"https:\/\/cacapalavrasdidaticos.com.br\/novo\/wp-json\/wp\/v2\/types\/product"}],"replies":[{"embeddable":true,"href":"https:\/\/cacapalavrasdidaticos.com.br\/novo\/wp-json\/wp\/v2\/comments?post=14683"}],"wp:featuredmedia":[{"embeddable":true,"href":"https:\/\/cacapalavrasdidaticos.com.br\/novo\/wp-json\/wp\/v2\/media\/14721"}],"wp:attachment":[{"href":"https:\/\/cacapalavrasdidaticos.com.br\/novo\/wp-json\/wp\/v2\/media?parent=14683"}],"wp:term":[{"taxonomy":"product_brand","embeddable":true,"href":"https:\/\/cacapalavrasdidaticos.com.br\/novo\/wp-json\/wp\/v2\/product_brand?post=14683"},{"taxonomy":"product_cat","embeddable":true,"href":"https:\/\/cacapalavrasdidaticos.com.br\/novo\/wp-json\/wp\/v2\/product_cat?post=14683"},{"taxonomy":"product_tag","embeddable":true,"href":"https:\/\/cacapalavrasdidaticos.com.br\/novo\/wp-json\/wp\/v2\/product_tag?post=14683"}],"curies":[{"name":"wp","href":"https:\/\/api.w.org\/{rel}","templated":true}]}}