{"id":13954,"date":"2024-10-28T10:40:11","date_gmt":"2024-10-28T13:40:11","guid":{"rendered":"https:\/\/cacapalavrasdidaticos.com.br\/novo\/?post_type=product&#038;p=13954"},"modified":"2025-01-26T23:39:29","modified_gmt":"2025-01-27T02:39:29","slug":"combo-de-atividades-de-ciencias-6o-ao-9o-ano-do-ensino-fundamental-4o-bimestre","status":"publish","type":"product","link":"https:\/\/cacapalavrasdidaticos.com.br\/novo\/produto\/combo-de-atividades-de-ciencias-6o-ao-9o-ano-do-ensino-fundamental-4o-bimestre\/","title":{"rendered":"COMBO DE ATIVIDADES DE CI\u00caNCIAS &#8211; 6\u00ba AO 9\u00ba ANO DO ENSINO FUNDAMENTAL (4\u00ba BIMESTRE)"},"content":{"rendered":"","protected":false},"excerpt":{"rendered":"<p>Este combo cont\u00e9m apostila \u00e9 referente ao <strong>4\u00ba bimestre<\/strong> do componente curricular de CI\u00caNCIAS, do 6\u00ba ao 9\u00ba ano do Ensino Fundamental. Este projeto contar\u00e1 com 16 apostilas com atividades variadas. As atividades cont\u00e9m os c\u00f3digos de Habilidades BNCC. Em cada uma das apostilas voc\u00ea encontrar\u00e1:<\/p>\n<ul>\n<li><strong>Mapas mentais;<\/strong><\/li>\n<li><strong>Estudos de texto com quest\u00f5es abertas e fechadas;\u00a0<\/strong><\/li>\n<li><strong>Cruzadinhas;<\/strong><\/li>\n<li><strong>Gabaritos de todas as atividades.<\/strong><\/li>\n<\/ul>\n<p>&nbsp;<\/p>\n<p style=\"text-align: center;\"><strong>AVISO IMPORTANTE:<\/strong><\/p>\n<p style=\"text-align: center;\"><strong>AS APOSTILAS S\u00c3O ENVIADAS EM FORMATO PDF NO EMAIL CADASTRADO NO ATO DA COMPRA. CASO QUEIRA O MATERIAL EM FORMATO IMAGEM JPEG, ENTRE EM CONTATO CONOSCO PELO WHATSAPP: 31-994716920<\/strong><\/p>\n<p style=\"text-align: center;\"><strong>MAIS INFORMA\u00c7\u00d5ES E COMPRA PELO PIX: 31-994716920 (Eduardo de Sousa)<\/strong><\/p>\n<p style=\"text-align: center;\"><strong>ENVIO DO MATERIAL: EM AT\u00c9 1 (UM) DIA \u00daTIL, AP\u00d3S A CONFIRMA\u00c7\u00c3O DO PAGAMENTO<\/strong>\u00a0<strong>(SER\u00c1 ENVIADO UM LINK DO GOOGLE DRIVE NO E-MAIL INFORMADO NO ATO DA COMPRA PARA O DOWNLOAD DA APOSTILA).<\/strong><\/p>\n","protected":false},"featured_media":13955,"comment_status":"open","ping_status":"closed","template":"","meta":[],"product_brand":[],"product_cat":[24],"product_tag":[31,101,32,33,34,36,37],"class_list":{"0":"post-13954","1":"product","2":"type-product","3":"status-publish","4":"has-post-thumbnail","6":"product_cat-ciencias","7":"product_tag-atividades-ludicas","8":"product_tag-bncc","9":"product_tag-caca-palavras","10":"product_tag-criptogramas","11":"product_tag-cruzadinhas","12":"product_tag-mapas-conceituais","13":"product_tag-mapas-mentais","15":"first","16":"instock","17":"virtual","18":"taxable","19":"purchasable","20":"product-type-simple"},"_links":{"self":[{"href":"https:\/\/cacapalavrasdidaticos.com.br\/novo\/wp-json\/wp\/v2\/product\/13954","targetHints":{"allow":["GET"]}}],"collection":[{"href":"https:\/\/cacapalavrasdidaticos.com.br\/novo\/wp-json\/wp\/v2\/product"}],"about":[{"href":"https:\/\/cacapalavrasdidaticos.com.br\/novo\/wp-json\/wp\/v2\/types\/product"}],"replies":[{"embeddable":true,"href":"https:\/\/cacapalavrasdidaticos.com.br\/novo\/wp-json\/wp\/v2\/comments?post=13954"}],"wp:featuredmedia":[{"embeddable":true,"href":"https:\/\/cacapalavrasdidaticos.com.br\/novo\/wp-json\/wp\/v2\/media\/13955"}],"wp:attachment":[{"href":"https:\/\/cacapalavrasdidaticos.com.br\/novo\/wp-json\/wp\/v2\/media?parent=13954"}],"wp:term":[{"taxonomy":"product_brand","embeddable":true,"href":"https:\/\/cacapalavrasdidaticos.com.br\/novo\/wp-json\/wp\/v2\/product_brand?post=13954"},{"taxonomy":"product_cat","embeddable":true,"href":"https:\/\/cacapalavrasdidaticos.com.br\/novo\/wp-json\/wp\/v2\/product_cat?post=13954"},{"taxonomy":"product_tag","embeddable":true,"href":"https:\/\/cacapalavrasdidaticos.com.br\/novo\/wp-json\/wp\/v2\/product_tag?post=13954"}],"curies":[{"name":"wp","href":"https:\/\/api.w.org\/{rel}","templated":true}]}}