{"id":13763,"date":"2024-10-14T19:38:12","date_gmt":"2024-10-14T22:38:12","guid":{"rendered":"https:\/\/cacapalavrasdidaticos.com.br\/novo\/?post_type=product&#038;p=13763"},"modified":"2025-02-05T00:04:42","modified_gmt":"2025-02-05T03:04:42","slug":"projeto-protagonistas-em-acao-do-local-ao-global-4o-bimestre-plano-de-curso-de-minas-gerais-2024-copia","status":"publish","type":"product","link":"https:\/\/cacapalavrasdidaticos.com.br\/novo\/produto\/projeto-protagonistas-em-acao-do-local-ao-global-4o-bimestre-plano-de-curso-de-minas-gerais-2024-copia\/","title":{"rendered":"CA\u00c7A ATIVIDADES ESCOLARES &#8211; 2\u00ba ANO_4\u00ba BIMESTRE &#8211; PROJETO EMPREENDEDOR DE IMPACTO LOCAL."},"content":{"rendered":"","protected":false},"excerpt":{"rendered":"<p style=\"margin: 0cm;\"><strong>ITINER\u00c1RIOS RELACIONADOS:<\/strong> <span class=\"OYPEnA font-feature-liga-off font-feature-clig-off font-feature-calt-off text-decoration-none text-strikethrough-none\">Pr\u00e1ticas Comunicativas e Criativas; N\u00facleo de Inova\u00e7\u00e3o Matem\u00e1tica; <\/span><span class=\"OYPEnA font-feature-liga-off font-feature-clig-off font-feature-calt-off text-decoration-none text-strikethrough-none\">Saberes e Investiga\u00e7\u00e3o da Natureza; Humanidades e Ci\u00eancias Sociais<\/span><\/p>\n<p>&nbsp;<\/p>\n<p>A apostila &#8220;<strong>Projeto Empreendedor de Impacto Loca<\/strong>l&#8221; para o <strong>2\u00ba ano do Ensino M\u00e9dio<\/strong> foca na promo\u00e7\u00e3o de habilidades empreendedoras e na conscientiza\u00e7\u00e3o sobre os Objetivos de Desenvolvimento Sustent\u00e1vel (ODS). Atrav\u00e9s de um planejamento bimestral, os alunos s\u00e3o incentivados a explorar temas como o ODS 8, que trata da promo\u00e7\u00e3o de trabalho decente e do crescimento econ\u00f4mico sustent\u00e1vel. Com atividades direcionadas, o material promove reflex\u00f5es sobre a import\u00e2ncia de pr\u00e1ticas econ\u00f4micas equilibradas com a inclus\u00e3o social, direitos trabalhistas e sustentabilidade.<\/p>\n<p>O conte\u00fado tamb\u00e9m destaca a necessidade de inova\u00e7\u00e3o no contexto do desenvolvimento econ\u00f4mico local, vinculando os estudos a projetos pr\u00e1ticos que integram as disciplinas de matem\u00e1tica, ci\u00eancias sociais, e naturais. Al\u00e9m disso, a apostila inclui estudos de caso, como o programa de trabalho decente em Bangladesh, permitindo que os alunos compreendam os desafios globais e proponham solu\u00e7\u00f5es para problemas locais, baseados nos princ\u00edpios de empreendedorismo e inova\u00e7\u00e3o sustent\u00e1vel.<\/p>\n<p>&nbsp;<\/p>\n<p style=\"margin: 0cm;\"><strong>38 P\u00c1GINAS<\/strong><\/p>\n<p><strong>\u00a0<\/strong><strong>O material cont\u00e9m:<\/strong><\/p>\n<ul>\n<li>Planejamento bimestral<\/li>\n<li>6 temas com textos para serem explorados atrav\u00e9s de perguntas disparadoras, reflex\u00f5es, debates e engajamentos dos alunos;<\/li>\n<li>Orienta\u00e7\u00f5es detalhadas de aplica\u00e7\u00e3o do Projeto Empreendedor de Impacto Local;<\/li>\n<li>Avalia\u00e7\u00f5es e Reflex\u00f5es;<\/li>\n<li>Cruzadinhas;<\/li>\n<li>Gabaritos.<\/li>\n<\/ul>\n<p>&nbsp;<\/p>\n<p style=\"text-align: center;\"><strong>AVISO IMPORTANTE:<\/strong><\/p>\n<p style=\"text-align: center;\"><strong>AS APOSTILAS S\u00c3O ENVIADAS EM FORMATO PDF NO EMAIL CADASTRADO NO ATO DA COMPRA. CASO QUEIRA O MATERIAL EM FORMATO IMAGEM JPEG, ENTRE EM CONTATO CONOSCO PELO WHATSAPP: 31-994716920<\/strong><\/p>\n<p style=\"text-align: center;\"><strong>MAIS INFORMA\u00c7\u00d5ES E COMPRA PELO PIX, ENTRE EM CONTATO CONOSCO: 31-994716920. PIX: 31-994716920 (Eduardo de Sousa)<\/strong><\/p>\n<p style=\"text-align: center;\"><strong>ENVIO DO MATERIAL: EM AT\u00c9 1 (UM) DIA \u00daTIL, AP\u00d3S A CONFIRMA\u00c7\u00c3O DO PAGAMENTO<\/strong>\u00a0<strong>(SER\u00c1 ENVIADO UM LINK DO GOOGLE DRIVE NO E-MAIL INFORMADO NO ATO DA COMPRA PARA O DOWNLOAD DA APOSTILA).<\/strong><\/p>\n","protected":false},"featured_media":13764,"comment_status":"open","ping_status":"closed","template":"","meta":[],"product_brand":[],"product_cat":[152,166],"product_tag":[128,31,32,34,169,35,132],"class_list":{"0":"post-13763","1":"product","2":"type-product","3":"status-publish","4":"has-post-thumbnail","6":"product_cat-plano-de-curso","7":"product_cat-humanidades-e-ciencias-sociais-mg-ensinomedio","8":"product_tag-atividades-adaptadas","9":"product_tag-atividades-ludicas","10":"product_tag-caca-palavras","11":"product_tag-cruzadinhas","12":"product_tag-curriculo-mg-2024","13":"product_tag-ensino-medio","14":"product_tag-questoes-abertas","16":"first","17":"instock","18":"virtual","19":"taxable","20":"purchasable","21":"product-type-simple"},"_links":{"self":[{"href":"https:\/\/cacapalavrasdidaticos.com.br\/novo\/wp-json\/wp\/v2\/product\/13763","targetHints":{"allow":["GET"]}}],"collection":[{"href":"https:\/\/cacapalavrasdidaticos.com.br\/novo\/wp-json\/wp\/v2\/product"}],"about":[{"href":"https:\/\/cacapalavrasdidaticos.com.br\/novo\/wp-json\/wp\/v2\/types\/product"}],"replies":[{"embeddable":true,"href":"https:\/\/cacapalavrasdidaticos.com.br\/novo\/wp-json\/wp\/v2\/comments?post=13763"}],"wp:featuredmedia":[{"embeddable":true,"href":"https:\/\/cacapalavrasdidaticos.com.br\/novo\/wp-json\/wp\/v2\/media\/13764"}],"wp:attachment":[{"href":"https:\/\/cacapalavrasdidaticos.com.br\/novo\/wp-json\/wp\/v2\/media?parent=13763"}],"wp:term":[{"taxonomy":"product_brand","embeddable":true,"href":"https:\/\/cacapalavrasdidaticos.com.br\/novo\/wp-json\/wp\/v2\/product_brand?post=13763"},{"taxonomy":"product_cat","embeddable":true,"href":"https:\/\/cacapalavrasdidaticos.com.br\/novo\/wp-json\/wp\/v2\/product_cat?post=13763"},{"taxonomy":"product_tag","embeddable":true,"href":"https:\/\/cacapalavrasdidaticos.com.br\/novo\/wp-json\/wp\/v2\/product_tag?post=13763"}],"curies":[{"name":"wp","href":"https:\/\/api.w.org\/{rel}","templated":true}]}}