{"id":13268,"date":"2024-09-16T00:01:40","date_gmt":"2024-09-16T03:01:40","guid":{"rendered":"https:\/\/cacapalavrasdidaticos.com.br\/novo\/?post_type=product&#038;p=13268"},"modified":"2025-02-05T00:31:37","modified_gmt":"2025-02-05T03:31:37","slug":"projeto-utopia-construcao-coletiva-em-diversos-espacos-4o-bimestre-plano-de-curso-de-minas-gerais-2024","status":"publish","type":"product","link":"https:\/\/cacapalavrasdidaticos.com.br\/novo\/produto\/projeto-utopia-construcao-coletiva-em-diversos-espacos-4o-bimestre-plano-de-curso-de-minas-gerais-2024\/","title":{"rendered":"PROJETO UTOPIA &#8211; CONSTRU\u00c7\u00c3O COLETIVA EM DIVERSOS ESPA\u00c7OS: 4\u00ba BIMESTRE &#8211; PLANO DE CURSO DE MINAS GERAIS 2024"},"content":{"rendered":"","protected":false},"excerpt":{"rendered":"<p style=\"margin: 0cm;\">O <strong>&#8220;Projeto Utopia&#8221;<\/strong> \u00e9 uma proposta educativa que prop\u00f5e um olhar atento e reflexivo sobre os desafios e as possibilidades do mundo contempor\u00e2neo. Organizado em itiner\u00e1rios formativos que abordam temas como <strong>CONSTRU\u00c7\u00c3O COLETIVA EM DIVERSOS ESPA\u00c7OS<\/strong><strong>, PROBLEMA E A\u00c7\u00c3O, CIDADE E MEIO AMBIENTE, e URBANIZA\u00c7\u00c3O SUSTENT\u00c1VEL<\/strong>.<\/p>\n<p>&nbsp;<\/p>\n<p style=\"margin: 0cm;\">O projeto convida os estudantes a se engajarem ativamente em suas aprendizagens. Cada tema foi cuidadosamente selecionado para estimular o pensamento cr\u00edtico e o debate, incentivando os alunos a se tornarem agentes de mudan\u00e7a em suas comunidades.<\/p>\n<p>&nbsp;<\/p>\n<p style=\"margin: 0cm; text-align: left;\">Ao longo deste percurso, os alunos ter\u00e3o a oportunidade de explorar conceitos fundamentais, desenvolver habilidades de an\u00e1lise e reflex\u00e3o, e aplicar seus conhecimentos na cria\u00e7\u00e3o de projetos voltados para o bem comum. O ponto culminante desta apostila \u00e9 o &#8220;Projeto Utopia&#8221;, uma iniciativa que permite aos estudantes imaginar, planejar e propor solu\u00e7\u00f5es para os desafios que enfrentamos coletivamente. Com este material, esperamos contribuir para a forma\u00e7\u00e3o de cidad\u00e3os conscientes, capazes de sonhar e de trabalhar pela constru\u00e7\u00e3o de um mundo melhor.<\/p>\n<p>&nbsp;<\/p>\n<p style=\"margin: 0cm;\">Esta apostila foi desenvolvida para orientar professores na condu\u00e7\u00e3o do Projeto Utopia, explorando temas essenciais para a constru\u00e7\u00e3o de cidades mais sustent\u00e1veis e inclusivas. As perguntas disparadoras presentes em cada unidade t\u00eam como objetivo estimular a reflex\u00e3o, o debate e o engajamento dos alunos, conectando o conte\u00fado te\u00f3rico com a pr\u00e1tica.<\/p>\n<p>&nbsp;<\/p>\n<p style=\"margin: 0cm;\"><strong>53 P\u00c1GINAS<\/strong><\/p>\n<p><strong>\u00a0<\/strong><strong>O material cont\u00e9m:<\/strong><\/p>\n<ul>\n<li>Planejamento bimestral<\/li>\n<li>9 temas com textos para serem explorados atrav\u00e9s de perguntas disparadoras, reflex\u00f5es, debates e engajamentos dos alunos;<\/li>\n<li>Orienta\u00e7\u00f5es detalhadas de aplica\u00e7\u00e3o do Projeto integrador;<\/li>\n<li>Avalia\u00e7\u00f5es e Reflex\u00f5es;<\/li>\n<li>Cruzadinhas;<\/li>\n<li>Criptogramas;<\/li>\n<li>Fichas e projetos;<\/li>\n<li>Paineis;<\/li>\n<li>Gabaritos.<\/li>\n<\/ul>\n<p>&nbsp;<\/p>\n<p style=\"text-align: center;\"><strong>AVISO IMPORTANTE:<\/strong><\/p>\n<p style=\"text-align: center;\"><strong>AS APOSTILAS S\u00c3O ENVIADAS EM FORMATO PDF NO EMAIL CADASTRADO NO ATO DA COMPRA. CASO QUEIRA O MATERIAL EM FORMATO IMAGEM JPEG, ENTRE EM CONTATO CONOSCO PELO WHATSAPP: 31-994716920<\/strong><\/p>\n<p style=\"text-align: center;\"><strong>MAIS INFORMA\u00c7\u00d5ES E COMPRA PELO PIX, ENTRE EM CONTATO CONOSCO: 31-994716920. PIX: 31-994716920 (Eduardo de Sousa)<\/strong><\/p>\n<p style=\"text-align: center;\"><strong>ENVIO DO MATERIAL: EM AT\u00c9 1 (UM) DIA \u00daTIL, AP\u00d3S A CONFIRMA\u00c7\u00c3O DO PAGAMENTO<\/strong>\u00a0<strong>(SER\u00c1 ENVIADO UM LINK DO GOOGLE DRIVE NO E-MAIL INFORMADO NO ATO DA COMPRA PARA O DOWNLOAD DA APOSTILA).<\/strong><\/p>\n","protected":false},"featured_media":13269,"comment_status":"open","ping_status":"closed","template":"","meta":[],"product_brand":[],"product_cat":[152],"product_tag":[128,31,32,129,33,34,169,35,37,132],"class_list":{"0":"post-13268","1":"product","2":"type-product","3":"status-publish","4":"has-post-thumbnail","6":"product_cat-plano-de-curso","7":"product_tag-atividades-adaptadas","8":"product_tag-atividades-ludicas","9":"product_tag-caca-palavras","10":"product_tag-ciencias-sociais","11":"product_tag-criptogramas","12":"product_tag-cruzadinhas","13":"product_tag-curriculo-mg-2024","14":"product_tag-ensino-medio","15":"product_tag-mapas-mentais","16":"product_tag-questoes-abertas","18":"first","19":"instock","20":"virtual","21":"taxable","22":"purchasable","23":"product-type-simple"},"_links":{"self":[{"href":"https:\/\/cacapalavrasdidaticos.com.br\/novo\/wp-json\/wp\/v2\/product\/13268","targetHints":{"allow":["GET"]}}],"collection":[{"href":"https:\/\/cacapalavrasdidaticos.com.br\/novo\/wp-json\/wp\/v2\/product"}],"about":[{"href":"https:\/\/cacapalavrasdidaticos.com.br\/novo\/wp-json\/wp\/v2\/types\/product"}],"replies":[{"embeddable":true,"href":"https:\/\/cacapalavrasdidaticos.com.br\/novo\/wp-json\/wp\/v2\/comments?post=13268"}],"wp:featuredmedia":[{"embeddable":true,"href":"https:\/\/cacapalavrasdidaticos.com.br\/novo\/wp-json\/wp\/v2\/media\/13269"}],"wp:attachment":[{"href":"https:\/\/cacapalavrasdidaticos.com.br\/novo\/wp-json\/wp\/v2\/media?parent=13268"}],"wp:term":[{"taxonomy":"product_brand","embeddable":true,"href":"https:\/\/cacapalavrasdidaticos.com.br\/novo\/wp-json\/wp\/v2\/product_brand?post=13268"},{"taxonomy":"product_cat","embeddable":true,"href":"https:\/\/cacapalavrasdidaticos.com.br\/novo\/wp-json\/wp\/v2\/product_cat?post=13268"},{"taxonomy":"product_tag","embeddable":true,"href":"https:\/\/cacapalavrasdidaticos.com.br\/novo\/wp-json\/wp\/v2\/product_tag?post=13268"}],"curies":[{"name":"wp","href":"https:\/\/api.w.org\/{rel}","templated":true}]}}