{"id":12518,"date":"2024-07-25T02:14:16","date_gmt":"2024-07-25T05:14:16","guid":{"rendered":"https:\/\/cacapalavrasdidaticos.com.br\/novo\/?post_type=product&#038;p=12518"},"modified":"2025-01-17T22:06:23","modified_gmt":"2025-01-18T01:06:23","slug":"temas-geograficos-para-o-ensino-medio-2024-2o-3o-ano-volume-4-populacao-mundial","status":"publish","type":"product","link":"https:\/\/cacapalavrasdidaticos.com.br\/novo\/produto\/temas-geograficos-para-o-ensino-medio-2024-2o-3o-ano-volume-4-populacao-mundial\/","title":{"rendered":"TEMAS GEOGR\u00c1FICOS PARA O ENSINO M\u00c9DIO 2024 &#8211; 2\u00ba\/3\u00ba ANO (VOLUME 4 &#8211; POPULA\u00c7\u00c3O MUNDIAL)"},"content":{"rendered":"","protected":false},"excerpt":{"rendered":"<p style=\"margin: 0cm;\">Esta apostila cont\u00e9m <strong>12<\/strong>\u00a0atividades de Geopol\u00edtica para o <strong>2\u00ba\/3\u00ba<\/strong> ano do Ensino M\u00e9dio, para o componente curricular de <strong>Geografia<\/strong>. As atividades est\u00e3o de acordo com as habilidades BNCC para o ano de 2024. Este projeto ter\u00e1 30 apostilas, com apostilas tem\u00e1ticas e em sequ\u00eancia geogr\u00e1fica para os tr\u00eas anos do Ensino M\u00e9dio Regular e EJA.<\/p>\n<p style=\"margin: 0cm;\"><strong>\u00a0<\/strong><\/p>\n<p style=\"margin: 0cm;\"><strong>O material cont\u00e9m:<\/strong><\/p>\n<p style=\"margin: 0cm;\">Mapas mentais<\/p>\n<p style=\"margin: 0cm;\">Ca\u00e7a-palavras<\/p>\n<p style=\"margin: 0cm;\">Cruzadinhas<\/p>\n<p style=\"margin: 0cm;\">Criptogramas<\/p>\n<p style=\"margin: 0cm;\">Imagens para colorir<\/p>\n<p style=\"margin: 0cm;\">Sugest\u00f5es de Avalia\u00e7\u00f5es Bimestrais<\/p>\n<p style=\"margin: 0cm;\">Gabaritos<\/p>\n<p>&nbsp;<\/p>\n<p><strong>86 p\u00e1ginas<\/strong><\/p>\n<p style=\"text-align: center;\"><strong>AVISO IMPORTANTE<\/strong><\/p>\n<p style=\"text-align: center;\"><strong>AS APOSTILAS S\u00c3O ENVIADAS EM FORMATO PDF NO EMAIL CADASTRADO NO ATO DA COMPRA. CASO QUEIRA O MATERIAL EM FORMATO IMAGEM JPEG, ENTRE EM CONTATO CONOSCO PELO WHATSAPP: 31-994716920<\/strong><\/p>\n<p style=\"text-align: center;\"><strong>MAIS INFORMA\u00c7\u00d5ES E COMPRA PELO PIX, EM CONTATO CONOSCO: 31-994716920. PIX: 31-994716920 (Eduardo de Sousa)<\/strong><\/p>\n<p style=\"text-align: center;\"><strong>ENVIO DO MATERIAL: EM AT\u00c9 1 (UM) DIA \u00daTIL, AP\u00d3S A CONFIRMA\u00c7\u00c3O DO PAGAMENTO<\/strong>\u00a0<strong>(SER\u00c1 ENVIADO UM LINK DO GOOGLE DRIVE NO E-MAIL INFORMADO NO ATO DA COMPRA PARA O DOWNLOAD DA APOSTILA).<\/strong><\/p>\n","protected":false},"featured_media":12519,"comment_status":"open","ping_status":"closed","template":"","meta":[],"product_brand":[],"product_cat":[153],"product_tag":[],"class_list":{"0":"post-12518","1":"product","2":"type-product","3":"status-publish","4":"has-post-thumbnail","6":"product_cat-geografia","8":"first","9":"instock","10":"virtual","11":"taxable","12":"purchasable","13":"product-type-simple"},"_links":{"self":[{"href":"https:\/\/cacapalavrasdidaticos.com.br\/novo\/wp-json\/wp\/v2\/product\/12518","targetHints":{"allow":["GET"]}}],"collection":[{"href":"https:\/\/cacapalavrasdidaticos.com.br\/novo\/wp-json\/wp\/v2\/product"}],"about":[{"href":"https:\/\/cacapalavrasdidaticos.com.br\/novo\/wp-json\/wp\/v2\/types\/product"}],"replies":[{"embeddable":true,"href":"https:\/\/cacapalavrasdidaticos.com.br\/novo\/wp-json\/wp\/v2\/comments?post=12518"}],"wp:featuredmedia":[{"embeddable":true,"href":"https:\/\/cacapalavrasdidaticos.com.br\/novo\/wp-json\/wp\/v2\/media\/12519"}],"wp:attachment":[{"href":"https:\/\/cacapalavrasdidaticos.com.br\/novo\/wp-json\/wp\/v2\/media?parent=12518"}],"wp:term":[{"taxonomy":"product_brand","embeddable":true,"href":"https:\/\/cacapalavrasdidaticos.com.br\/novo\/wp-json\/wp\/v2\/product_brand?post=12518"},{"taxonomy":"product_cat","embeddable":true,"href":"https:\/\/cacapalavrasdidaticos.com.br\/novo\/wp-json\/wp\/v2\/product_cat?post=12518"},{"taxonomy":"product_tag","embeddable":true,"href":"https:\/\/cacapalavrasdidaticos.com.br\/novo\/wp-json\/wp\/v2\/product_tag?post=12518"}],"curies":[{"name":"wp","href":"https:\/\/api.w.org\/{rel}","templated":true}]}}