{"id":11193,"date":"2024-04-17T01:19:11","date_gmt":"2024-04-17T04:19:11","guid":{"rendered":"https:\/\/cacapalavrasdidaticos.com.br\/novo\/?post_type=product&#038;p=11193"},"modified":"2025-02-05T00:47:16","modified_gmt":"2025-02-05T03:47:16","slug":"humanidades-e-ciencias-sociais-1o-ano-eja-1o-e-2o-bimestre-plano-de-curso-de-minas-gerais-2024-proposta-2","status":"publish","type":"product","link":"https:\/\/cacapalavrasdidaticos.com.br\/novo\/produto\/humanidades-e-ciencias-sociais-1o-ano-eja-1o-e-2o-bimestre-plano-de-curso-de-minas-gerais-2024-proposta-2\/","title":{"rendered":"HUMANIDADES E CI\u00caNCIAS SOCIAIS &#8211; 1\u00ba ANO EJA: 1\u00ba E 2\u00ba BIMESTRE &#8211; PLANO DE CURSO DE MINAS GERAIS 2024: PROPOSTA 2"},"content":{"rendered":"","protected":false},"excerpt":{"rendered":"<p style=\"margin: 0cm;\">Esta apostila conta com <strong>12<\/strong> temas de <strong>HUMANIDADES E CI\u00caNCIAS SOCIAIS\u00a0 PARA O 1\u00ba ANO EJA &#8211; 1\u00ba E 2\u00ba BIMESTRE<\/strong><strong> &#8211; EDUCA\u00c7\u00c3O PARA CIDADANIA GLOBAL &#8211; PLANO DE CURSO DE MINAS GERAIS 2024.\u00a0<\/strong><\/p>\n<p style=\"margin: 0cm;\"><strong>\u00a0<\/strong><\/p>\n<p style=\"margin: 0cm;\"><strong>76 P\u00c1GINAS<\/strong><\/p>\n<p><strong>\u00a0<\/strong><strong>O material cont\u00e9m:<\/strong><\/p>\n<ul>\n<li>Mapas mentais;<\/li>\n<li>Ca\u00e7a-palavras;<\/li>\n<li>Quest\u00f5es abertas de acordo com os mapas mentais (Folha com espa\u00e7o para respostas e lista de quest\u00f5es para recorte de v\u00e1rias em uma \u00fanica p\u00e1gina, visando a economia de x\u00e9rox);<\/li>\n<li>Cruzadinhas;<\/li>\n<li>Criptogramas;<\/li>\n<li>Imagens para colorir, feitas com intelig\u00eancia artificial;<\/li>\n<li>Avalia\u00e7\u00e3o Bimestral;<\/li>\n<li>Gabaritos.<\/li>\n<\/ul>\n<p>&nbsp;<\/p>\n<p style=\"text-align: center;\"><strong>AVISO IMPORTANTE:<\/strong><\/p>\n<p style=\"text-align: center;\"><strong>AS APOSTILAS S\u00c3O ENVIADAS EM FORMATO PDF NO EMAIL CADASTRADO NO ATO DA COMPRA. CASO QUEIRA O MATERIAL EM FORMATO IMAGEM JPEG, ENTRE EM CONTATO CONOSCO PELO WHATSAPP: 31-994716920<\/strong><\/p>\n<p style=\"text-align: center;\"><strong>MAIS INFORMA\u00c7\u00d5ES E COMPRA PELO PIX, ENTRE EM CONTATO CONOSCO: 31-994716920. PIX: 31-994716920 (Eduardo de Sousa)<\/strong><\/p>\n<p style=\"text-align: center;\"><strong>ENVIO DO MATERIAL: EM AT\u00c9 1 (UM) DIA \u00daTIL, AP\u00d3S A CONFIRMA\u00c7\u00c3O DO PAGAMENTO<\/strong>\u00a0<strong>(SER\u00c1 ENVIADO UM LINK DO GOOGLE DRIVE NO E-MAIL INFORMADO NO ATO DA COMPRA PARA O DOWNLOAD DA APOSTILA).<\/strong><\/p>\n","protected":false},"featured_media":11194,"comment_status":"open","ping_status":"closed","template":"","meta":[],"product_brand":[],"product_cat":[152,166],"product_tag":[168,133,128,31,32,129,33,34,169,35,37,132],"class_list":{"0":"post-11193","1":"product","2":"type-product","3":"status-publish","4":"has-post-thumbnail","6":"product_cat-plano-de-curso","7":"product_cat-humanidades-e-ciencias-sociais-mg-ensinomedio","8":"product_tag-1o-bimestre","9":"product_tag-2o-bimestre","10":"product_tag-atividades-adaptadas","11":"product_tag-atividades-ludicas","12":"product_tag-caca-palavras","13":"product_tag-ciencias-sociais","14":"product_tag-criptogramas","15":"product_tag-cruzadinhas","16":"product_tag-curriculo-mg-2024","17":"product_tag-ensino-medio","18":"product_tag-mapas-mentais","19":"product_tag-questoes-abertas","21":"first","22":"instock","23":"virtual","24":"taxable","25":"purchasable","26":"product-type-simple"},"_links":{"self":[{"href":"https:\/\/cacapalavrasdidaticos.com.br\/novo\/wp-json\/wp\/v2\/product\/11193","targetHints":{"allow":["GET"]}}],"collection":[{"href":"https:\/\/cacapalavrasdidaticos.com.br\/novo\/wp-json\/wp\/v2\/product"}],"about":[{"href":"https:\/\/cacapalavrasdidaticos.com.br\/novo\/wp-json\/wp\/v2\/types\/product"}],"replies":[{"embeddable":true,"href":"https:\/\/cacapalavrasdidaticos.com.br\/novo\/wp-json\/wp\/v2\/comments?post=11193"}],"wp:featuredmedia":[{"embeddable":true,"href":"https:\/\/cacapalavrasdidaticos.com.br\/novo\/wp-json\/wp\/v2\/media\/11194"}],"wp:attachment":[{"href":"https:\/\/cacapalavrasdidaticos.com.br\/novo\/wp-json\/wp\/v2\/media?parent=11193"}],"wp:term":[{"taxonomy":"product_brand","embeddable":true,"href":"https:\/\/cacapalavrasdidaticos.com.br\/novo\/wp-json\/wp\/v2\/product_brand?post=11193"},{"taxonomy":"product_cat","embeddable":true,"href":"https:\/\/cacapalavrasdidaticos.com.br\/novo\/wp-json\/wp\/v2\/product_cat?post=11193"},{"taxonomy":"product_tag","embeddable":true,"href":"https:\/\/cacapalavrasdidaticos.com.br\/novo\/wp-json\/wp\/v2\/product_tag?post=11193"}],"curies":[{"name":"wp","href":"https:\/\/api.w.org\/{rel}","templated":true}]}}