{"id":10523,"date":"2024-02-18T01:08:06","date_gmt":"2024-02-18T04:08:06","guid":{"rendered":"https:\/\/cacapalavrasdidaticos.com.br\/novo\/?post_type=product&#038;p=10523"},"modified":"2025-02-05T00:48:52","modified_gmt":"2025-02-05T03:48:52","slug":"preparacao-para-o-mundo-do-trabalho-1o-ano-ensino-medio-1o-bimestre-plano-de-curso-de-minas-gerais-2024","status":"publish","type":"product","link":"https:\/\/cacapalavrasdidaticos.com.br\/novo\/produto\/preparacao-para-o-mundo-do-trabalho-1o-ano-ensino-medio-1o-bimestre-plano-de-curso-de-minas-gerais-2024\/","title":{"rendered":"PREPARA\u00c7\u00c3O PARA O MUNDO DO TRABALHO &#8211; 1\u00ba ANO &#8211; ENSINO M\u00c9DIO: 1\u00ba BIMESTRE &#8211; PLANO DE CURSO DE MINAS GERAIS 2024"},"content":{"rendered":"","protected":false},"excerpt":{"rendered":"<p style=\"margin: 0cm;\">Esta apostila conta com <strong>10<\/strong> temas para o itiner\u00e1rio <strong>PREPARA\u00c7\u00c3O PARA O MUNDO DO TRABALHO &#8211;<\/strong><strong> 1\u00ba ANO : 1\u00ba BIMESTRE<\/strong><strong> &#8211; PLANO DE CURSO DE MINAS GERAIS 2024.\u00a0<\/strong><\/p>\n<p style=\"margin: 0cm;\"><strong>\u00a0<\/strong><\/p>\n<p style=\"margin: 0cm;\"><strong>61 P\u00c1GINAS<\/strong><\/p>\n<p><strong>\u00a0<\/strong><strong>O material cont\u00e9m:<\/strong><\/p>\n<ul>\n<li>Mapas mentais;<\/li>\n<li>Ca\u00e7a-palavras;<\/li>\n<li>Quest\u00f5es abertas de acordo com os mapas mentais;<\/li>\n<li>Cruzadinhas;<\/li>\n<li>Criptogramas;<\/li>\n<li>Imagens para colorir, feitas com intelig\u00eancia artificial;<\/li>\n<li>Avalia\u00e7\u00e3o bimestral com 10 quest\u00f5es fechadas;<\/li>\n<li>Gabaritos.<\/li>\n<\/ul>\n<p>&nbsp;<\/p>\n<p style=\"text-align: center;\"><strong>AVISO IMPORTANTE:<\/strong><\/p>\n<p style=\"text-align: center;\"><strong>AS APOSTILAS S\u00c3O ENVIADAS EM FORMATO PDF NO EMAIL CADASTRADO NO ATO DA COMPRA. CASO QUEIRA O MATERIAL EM FORMATO IMAGEM JPEG, ENTRE EM CONTATO CONOSCO PELO WHATSAPP: 31-994716920<\/strong><\/p>\n<p style=\"text-align: center;\"><strong>MAIS INFORMA\u00c7\u00d5ES E COMPRA PELO PIX, ENTRE EM CONTATO CONOSCO: 31-994716920. PIX: 31-994716920 (Eduardo de Sousa)<\/strong><\/p>\n<p style=\"text-align: center;\"><strong>ENVIO DO MATERIAL: EM AT\u00c9 1 (UM) DIA \u00daTIL, AP\u00d3S A CONFIRMA\u00c7\u00c3O DO PAGAMENTO<\/strong>\u00a0<strong>(SER\u00c1 ENVIADO UM LINK DO GOOGLE DRIVE NO E-MAIL INFORMADO NO ATO DA COMPRA PARA O DOWNLOAD DA APOSTILA).<\/strong><\/p>\n","protected":false},"featured_media":10524,"comment_status":"open","ping_status":"closed","template":"","meta":[],"product_brand":[],"product_cat":[152],"product_tag":[168,128,31,32,129,33,34,169,35,131,37,132],"class_list":{"0":"post-10523","1":"product","2":"type-product","3":"status-publish","4":"has-post-thumbnail","6":"product_cat-plano-de-curso","7":"product_tag-1o-bimestre","8":"product_tag-atividades-adaptadas","9":"product_tag-atividades-ludicas","10":"product_tag-caca-palavras","11":"product_tag-ciencias-sociais","12":"product_tag-criptogramas","13":"product_tag-cruzadinhas","14":"product_tag-curriculo-mg-2024","15":"product_tag-ensino-medio","16":"product_tag-humanidades","17":"product_tag-mapas-mentais","18":"product_tag-questoes-abertas","20":"first","21":"instock","22":"virtual","23":"taxable","24":"purchasable","25":"product-type-simple"},"_links":{"self":[{"href":"https:\/\/cacapalavrasdidaticos.com.br\/novo\/wp-json\/wp\/v2\/product\/10523","targetHints":{"allow":["GET"]}}],"collection":[{"href":"https:\/\/cacapalavrasdidaticos.com.br\/novo\/wp-json\/wp\/v2\/product"}],"about":[{"href":"https:\/\/cacapalavrasdidaticos.com.br\/novo\/wp-json\/wp\/v2\/types\/product"}],"replies":[{"embeddable":true,"href":"https:\/\/cacapalavrasdidaticos.com.br\/novo\/wp-json\/wp\/v2\/comments?post=10523"}],"wp:featuredmedia":[{"embeddable":true,"href":"https:\/\/cacapalavrasdidaticos.com.br\/novo\/wp-json\/wp\/v2\/media\/10524"}],"wp:attachment":[{"href":"https:\/\/cacapalavrasdidaticos.com.br\/novo\/wp-json\/wp\/v2\/media?parent=10523"}],"wp:term":[{"taxonomy":"product_brand","embeddable":true,"href":"https:\/\/cacapalavrasdidaticos.com.br\/novo\/wp-json\/wp\/v2\/product_brand?post=10523"},{"taxonomy":"product_cat","embeddable":true,"href":"https:\/\/cacapalavrasdidaticos.com.br\/novo\/wp-json\/wp\/v2\/product_cat?post=10523"},{"taxonomy":"product_tag","embeddable":true,"href":"https:\/\/cacapalavrasdidaticos.com.br\/novo\/wp-json\/wp\/v2\/product_tag?post=10523"}],"curies":[{"name":"wp","href":"https:\/\/api.w.org\/{rel}","templated":true}]}}