{"id":10152,"date":"2024-01-17T00:19:47","date_gmt":"2024-01-17T03:19:47","guid":{"rendered":"https:\/\/cacapalavrasdidaticos.com.br\/novo\/?post_type=product&#038;p=10152"},"modified":"2025-01-28T20:49:20","modified_gmt":"2025-01-28T23:49:20","slug":"combo-historia-ensino-medio-3o-ano-regular-e-eja-1o-e-2o-bimestre","status":"publish","type":"product","link":"https:\/\/cacapalavrasdidaticos.com.br\/novo\/produto\/combo-historia-ensino-medio-3o-ano-regular-e-eja-1o-e-2o-bimestre\/","title":{"rendered":"COMBO &#8211; HIST\u00d3RIA &#8211; ENSINO M\u00c9DIO: 3\u00ba ANO REGULAR E EJA (1\u00ba E 2\u00ba BIMESTRE)"},"content":{"rendered":"","protected":false},"excerpt":{"rendered":"<p>Este pacote cont\u00e9m 3 apostilas do componente curricular <strong>de Hist\u00f3ria para o Ensino M\u00e9dio, referentes ao 3\u00ba ano (1\u00ba E 2\u00ba BIMESTRE).\u00a0<\/strong><\/p>\n<ul>\n<li><strong>VOLUME 6: Primeira Guerra a Crise de 1929<\/strong><\/li>\n<li><strong>VOLUME 7: Entre Guerras at\u00e9 o final da Segunda Guerra<\/strong><\/li>\n<li><strong>VOLUME 8: Guerra Fria; Governos Populistas e Ditaduras Militares<\/strong><\/li>\n<\/ul>\n<p style=\"text-align: left;\"><strong>Formato das atividades:<\/strong><\/p>\n<ul>\n<li><strong>Mapas mentais e conceituais;<\/strong><\/li>\n<li><strong>Ca\u00e7a-palavras;<\/strong><\/li>\n<li><strong>Cruzadinhas;<\/strong><\/li>\n<li><strong>Criptogramas (frases codificadas);<\/strong><\/li>\n<li><strong>Atividades diversas relacionadas aos temas (Quest\u00f5es de vestibulares, ENEM e perguntas);<\/strong><\/li>\n<li><strong>QRCODE direcionando o estudante para um v\u00eddeo do Youtube ou texto complementar;<\/strong><\/li>\n<li><strong>TODAS as atividades possuem GABARITO.<\/strong><\/li>\n<\/ul>\n<p>As atividades foram elaboradas e organizados com foco nas Unidades Tem\u00e1ticas, Objetos de Conhecimento e Habilidades presentes na BNCC (Base Nacional Comum Curricular) e tamb\u00e9m visando o ENEM (Exame Nacional do Ensino M\u00e9dio). Delicie-se e leve para a sua sala de aula mais essa experi\u00eancia l\u00fadica e did\u00e1tica.<\/p>\n<p>&nbsp;<\/p>\n<p style=\"text-align: center;\"><strong>AVISO IMPORTANTE:<\/strong><\/p>\n<p style=\"text-align: center;\"><strong>AS APOSTILAS S\u00c3O ENVIADAS EM FORMATO PDF NO EMAIL CADASTRADO NO ATO DA COMPRA. CASO QUEIRA O MATERIAL EM FORMATO IMAGEM JPEG, ENTRE EM CONTATO CONOSCO PELO WHATSAPP: 31-994716920<\/strong><\/p>\n<p style=\"text-align: center;\"><strong>MAIS INFORMA\u00c7\u00d5ES E COMPRA PELO PIX: 31-994716920 (Eduardo de Sousa)<\/strong><\/p>\n<p style=\"text-align: center;\"><strong>ENVIO DO MATERIAL: EM AT\u00c9 1 (UM) DIA \u00daTIL, AP\u00d3S A CONFIRMA\u00c7\u00c3O DO PAGAMENTO<\/strong>\u00a0<strong>(SER\u00c1 ENVIADO UM LINK DO GOOGLE DRIVE NO E-MAIL INFORMADO NO ATO DA COMPRA PARA O DOWNLOAD DA APOSTILA).<\/strong><\/p>\n","protected":false},"featured_media":10156,"comment_status":"open","ping_status":"closed","template":"","meta":[],"product_brand":[],"product_cat":[23],"product_tag":[],"class_list":{"0":"post-10152","1":"product","2":"type-product","3":"status-publish","4":"has-post-thumbnail","6":"product_cat-historia","8":"first","9":"instock","10":"virtual","11":"taxable","12":"purchasable","13":"product-type-simple"},"_links":{"self":[{"href":"https:\/\/cacapalavrasdidaticos.com.br\/novo\/wp-json\/wp\/v2\/product\/10152","targetHints":{"allow":["GET"]}}],"collection":[{"href":"https:\/\/cacapalavrasdidaticos.com.br\/novo\/wp-json\/wp\/v2\/product"}],"about":[{"href":"https:\/\/cacapalavrasdidaticos.com.br\/novo\/wp-json\/wp\/v2\/types\/product"}],"replies":[{"embeddable":true,"href":"https:\/\/cacapalavrasdidaticos.com.br\/novo\/wp-json\/wp\/v2\/comments?post=10152"}],"wp:featuredmedia":[{"embeddable":true,"href":"https:\/\/cacapalavrasdidaticos.com.br\/novo\/wp-json\/wp\/v2\/media\/10156"}],"wp:attachment":[{"href":"https:\/\/cacapalavrasdidaticos.com.br\/novo\/wp-json\/wp\/v2\/media?parent=10152"}],"wp:term":[{"taxonomy":"product_brand","embeddable":true,"href":"https:\/\/cacapalavrasdidaticos.com.br\/novo\/wp-json\/wp\/v2\/product_brand?post=10152"},{"taxonomy":"product_cat","embeddable":true,"href":"https:\/\/cacapalavrasdidaticos.com.br\/novo\/wp-json\/wp\/v2\/product_cat?post=10152"},{"taxonomy":"product_tag","embeddable":true,"href":"https:\/\/cacapalavrasdidaticos.com.br\/novo\/wp-json\/wp\/v2\/product_tag?post=10152"}],"curies":[{"name":"wp","href":"https:\/\/api.w.org\/{rel}","templated":true}]}}