{"id":6566,"date":"2023-05-20T21:46:44","date_gmt":"2023-05-20T21:46:44","guid":{"rendered":"https:\/\/cacapalavrasdidaticos.com.br\/novo\/?page_id=6566"},"modified":"2023-09-15T18:31:00","modified_gmt":"2023-09-15T21:31:00","slug":"sobre","status":"publish","type":"page","link":"https:\/\/cacapalavrasdidaticos.com.br\/novo\/sobre\/","title":{"rendered":"Sobre"},"content":{"rendered":"\t\t<div data-elementor-type=\"wp-page\" data-elementor-id=\"6566\" class=\"elementor elementor-6566\" data-elementor-post-type=\"page\">\n\t\t\t\t\t\t<section data-particle_enable=\"false\" data-particle-mobile-disabled=\"false\" class=\"elementor-section elementor-top-section elementor-element elementor-element-9aac124 elementor-section-boxed elementor-section-height-default elementor-section-height-default\" data-id=\"9aac124\" data-element_type=\"section\">\n\t\t\t\t\t\t<div class=\"elementor-container elementor-column-gap-default\">\n\t\t\t\t\t<div class=\"elementor-column elementor-col-100 elementor-top-column elementor-element elementor-element-53b52a5\" data-id=\"53b52a5\" data-element_type=\"column\">\n\t\t\t<div class=\"elementor-widget-wrap elementor-element-populated\">\n\t\t\t\t\t\t<div class=\"elementor-element elementor-element-c3b832c elementor-widget elementor-widget-text-editor\" data-id=\"c3b832c\" data-element_type=\"widget\" data-widget_type=\"text-editor.default\">\n\t\t\t\t<div class=\"elementor-widget-container\">\n\t\t\t\t\t\t\t\t\t<p>O projeto de CA\u00c7A-PALAVRAS DID\u00c1TICOS surgiu em Junho de 2020. A ideia desse projeto partiu da nossa experi\u00eancia, com mais de sete anos de confec\u00e7\u00e3o, uso e compila\u00e7\u00e3o de ca\u00e7a-palavras, no componente curricular de Geografia, para os alunos dos Ensinos Fundamental e M\u00e9dio. De l\u00e1 para c\u00e1, buscamos melhorar as atividades, pensando sempre na sua import\u00e2ncia did\u00e1tica, pedag\u00f3gica e est\u00e9tica.<\/p><p>As experi\u00eancias vividas, a partir do uso de ca\u00e7a-palavras, nos motivou a elaborar esse trabalho, com todo o cuidado, carinho e dedica\u00e7\u00e3o. E para compartilhar dessa experi\u00eancia de escrita e elabora\u00e7\u00e3o de atividades, v\u00e1rios profissionais da educa\u00e7\u00e3o, das diferentes \u00e1reas do conhecimento, passaram a fazer parte desta constru\u00e7\u00e3o.<\/p><p>Todas as apostilas referentes aos Ensino Fundamental I e II do projeto est\u00e3o sendo elaboradas e organizadas com foco nas unidades tem\u00e1ticas, objetos de conhecimento e habilidades presentes na BNCC (Base Nacional Comum Curricular). J\u00e1 as apostilas do Ensino M\u00e9dio est\u00e3os sendo produzidas e organizadas de acordo com as matrizes de refer\u00eancia. \u00c9 importante destacar o foco no ENEM (Exame Nacional do Ensino M\u00e9dio).<br \/>Todas atividades est\u00e3o organizadas na sequ\u00eancia dos livros did\u00e1ticos, divididos em Bimestres.<\/p><p>Delicie-se e leve para a sua sala de aula mais essa experi\u00eancia l\u00fadica e did\u00e1tica.<\/p><p>Idealizador do Projeto:<br \/>Eduardo de Sousa Menandes, 40 anos, casado, pai do Davi. Bacharel e Licenciado em Geografia pela PUC-MG e P\u00f3s-Graduado em Metodologia de Ensino de Geografia e Educa\u00e7\u00e3o Ambiental pelo IPEMIG. Professor efetivo de Geografia na rede p\u00fablica do estado de Minas Gerais e Prefeitura Municipal de S\u00e3o Joaquim de Bicas. Atua nos anos finais do Ensino Fundamental e M\u00e9dio (Regular e EJA).<\/p>\t\t\t\t\t\t\t\t<\/div>\n\t\t\t\t<\/div>\n\t\t\t\t\t<\/div>\n\t\t<\/div>\n\t\t\t\t\t<\/div>\n\t\t<\/section>\n\t\t\t\t<\/div>\n\t\t","protected":false},"excerpt":{"rendered":"<p>O projeto de CA\u00c7A-PALAVRAS DID\u00c1TICOS surgiu em Junho de 2020. A ideia desse projeto partiu da nossa experi\u00eancia, com mais de sete anos de confec\u00e7\u00e3o, uso e compila\u00e7\u00e3o de ca\u00e7a-palavras, no componente curricular de Geografia, para os alunos dos Ensinos Fundamental e M\u00e9dio. De l\u00e1 para c\u00e1, buscamos melhorar as atividades, pensando sempre na sua [&hellip;]<\/p>\n","protected":false},"author":1,"featured_media":0,"parent":0,"menu_order":0,"comment_status":"closed","ping_status":"closed","template":"","meta":{"footnotes":""},"class_list":["post-6566","page","type-page","status-publish","hentry"],"_links":{"self":[{"href":"https:\/\/cacapalavrasdidaticos.com.br\/novo\/wp-json\/wp\/v2\/pages\/6566","targetHints":{"allow":["GET"]}}],"collection":[{"href":"https:\/\/cacapalavrasdidaticos.com.br\/novo\/wp-json\/wp\/v2\/pages"}],"about":[{"href":"https:\/\/cacapalavrasdidaticos.com.br\/novo\/wp-json\/wp\/v2\/types\/page"}],"author":[{"embeddable":true,"href":"https:\/\/cacapalavrasdidaticos.com.br\/novo\/wp-json\/wp\/v2\/users\/1"}],"replies":[{"embeddable":true,"href":"https:\/\/cacapalavrasdidaticos.com.br\/novo\/wp-json\/wp\/v2\/comments?post=6566"}],"version-history":[{"count":0,"href":"https:\/\/cacapalavrasdidaticos.com.br\/novo\/wp-json\/wp\/v2\/pages\/6566\/revisions"}],"wp:attachment":[{"href":"https:\/\/cacapalavrasdidaticos.com.br\/novo\/wp-json\/wp\/v2\/media?parent=6566"}],"curies":[{"name":"wp","href":"https:\/\/api.w.org\/{rel}","templated":true}]}}